{"id":39,"date":"2026-04-25T22:52:14","date_gmt":"2026-04-25T20:52:14","guid":{"rendered":"https:\/\/www.bmx-voesendorf.at\/wp\/?page_id=39"},"modified":"2026-04-25T22:56:20","modified_gmt":"2026-04-25T20:56:20","slug":"oem-oestm-bmx-racing","status":"publish","type":"page","link":"https:\/\/www.bmx-voesendorf.at\/wp\/oem-oestm-bmx-racing\/","title":{"rendered":"\u00d6M\/ \u00d6STM BMX Racing"},"content":{"rendered":"\n<div data-wp-interactive=\"core\/file\" class=\"wp-block-file\"><object data-wp-bind--hidden=\"!state.hasPdfPreview\" hidden class=\"wp-block-file__embed\" data=\"https:\/\/www.bmx-voesendorf.at\/wp\/wp-content\/uploads\/2026\/04\/Ausschreibung-OeMOeSTM-Voesendorf-2026.pdf\" type=\"application\/pdf\" style=\"width:100%;height:600px\" aria-label=\"Einbettung von Ausschreibung \u00d6M&amp;\u00d6STM V\u00f6sendorf 2026.\"><\/object><a id=\"wp-block-file--media-e8609ae8-0924-49ae-9475-f70945f99d2a\" href=\"https:\/\/www.bmx-voesendorf.at\/wp\/wp-content\/uploads\/2026\/04\/Ausschreibung-OeMOeSTM-Voesendorf-2026.pdf\">Ausschreibung \u00d6M&#038;\u00d6STM V\u00f6sendorf 2026<\/a><a href=\"https:\/\/www.bmx-voesendorf.at\/wp\/wp-content\/uploads\/2026\/04\/Ausschreibung-OeMOeSTM-Voesendorf-2026.pdf\" class=\"wp-block-file__button wp-element-button\" download aria-describedby=\"wp-block-file--media-e8609ae8-0924-49ae-9475-f70945f99d2a\">Herunterladen<\/a><\/div>\n","protected":false},"excerpt":{"rendered":"","protected":false},"author":1,"featured_media":0,"parent":0,"menu_order":0,"comment_status":"closed","ping_status":"closed","template":"","meta":{"footnotes":""},"class_list":["post-39","page","type-page","status-publish","hentry"],"_links":{"self":[{"href":"https:\/\/www.bmx-voesendorf.at\/wp\/wp-json\/wp\/v2\/pages\/39","targetHints":{"allow":["GET"]}}],"collection":[{"href":"https:\/\/www.bmx-voesendorf.at\/wp\/wp-json\/wp\/v2\/pages"}],"about":[{"href":"https:\/\/www.bmx-voesendorf.at\/wp\/wp-json\/wp\/v2\/types\/page"}],"author":[{"embeddable":true,"href":"https:\/\/www.bmx-voesendorf.at\/wp\/wp-json\/wp\/v2\/users\/1"}],"replies":[{"embeddable":true,"href":"https:\/\/www.bmx-voesendorf.at\/wp\/wp-json\/wp\/v2\/comments?post=39"}],"version-history":[{"count":1,"href":"https:\/\/www.bmx-voesendorf.at\/wp\/wp-json\/wp\/v2\/pages\/39\/revisions"}],"predecessor-version":[{"id":44,"href":"https:\/\/www.bmx-voesendorf.at\/wp\/wp-json\/wp\/v2\/pages\/39\/revisions\/44"}],"wp:attachment":[{"href":"https:\/\/www.bmx-voesendorf.at\/wp\/wp-json\/wp\/v2\/media?parent=39"}],"curies":[{"name":"wp","href":"https:\/\/api.w.org\/{rel}","templated":true}]}}